{"id":21,"date":"2019-04-01T13:08:55","date_gmt":"2019-04-01T13:08:55","guid":{"rendered":"https:\/\/larpcom.gflr.de\/?page_id=21"},"modified":"2022-05-03T08:39:24","modified_gmt":"2022-05-03T08:39:24","slug":"impressum","status":"publish","type":"page","link":"https:\/\/larpcom.gflr.de\/?page_id=21","title":{"rendered":"Impressum"},"content":{"rendered":"\n<p><strong>Impressum nach \u00a75 TMG<\/strong><\/p>\n\n\n\n<p>Sitz des Vereins:<br>\nGesellschaft f\u00fcr Live-Rollenspiel e.V.<br>\nc\/o Sonja Catterfeld<br>\nSch\u00f6ntaler Str. 14<br>\n58300 Wetter a.d. Ruhr<\/p>\n\n\n\n<p>Vertretung des Vereins:<br>\nGesellschaft f\u00fcr Live-Rollenspiel e.V.<br>\nc\/o Max Dittewig<br>\nAm Wingertsberg 1<br>\n55234 Nack<\/p>\n\n\n\n<p>Tel: +49 673 6299<\/p>\n\n\n\n<p>info@gflr.de<\/p>\n\n\n\n<p>Vereinsregister Nr. 2721 Amtsgericht Hagen<\/p>\n\n\n\n<p><strong>In Alleinvertretungsbefugnis vertreten durch:<\/strong><\/p>\n\n\n\n<p>Kim Anna Scholz (1. Vorstand)<br>\n1.vorstand@gflr.de<\/p>\n\n\n\n<p>Andrea David (2. Vorstand)<br>\n2.vorstand@gflr.de<\/p>\n\n\n\n<p>Max Dittewig (Finanzvorstand)<br>\nfinanzvorstand@gflr.de<\/p>\n\n\n\n<p>Das Impressum gilt f\u00fcr die URL https:\/\/www.gflr.de<\/p>\n\n\n\n<p><strong>Verantwortliche im Sinne des&nbsp;\u00a7 55 Abs. 2 RStV:<\/strong><\/p>\n\n\n\n<p>1. Vorsitzende<br>\nKim Anna Scholz<br>\nOstendstra\u00dfe 3<br>\n60314 Frankfurt am Main<br>\n1.vorstand@gflr.de<\/p>\n\n\n\n<p><strong>Haftung f\u00fcr Inhalte<\/strong><\/p>\n\n\n\n<p>Die Erstellung der Inhalte dieser Webseite erfolgte mit \ngr\u00f6\u00dftm\u00f6glicher Sorgfalt. Allerdings k\u00f6nnen wir keine Gew\u00e4hr f\u00fcr die \nVollst\u00e4ndigkeit der bereitgestellten Inhalte, ihre Aktualit\u00e4t sowie \nRichtigkeit \u00fcbernehmen. Gem. \u00a7\u00a7 8 \u2013 10 TMG trifft uns als Dienstanbieter\n keine Pflicht, fremde Informationen, die \u00fcbermittelt oder gespeichert \nwurden, zu \u00fcberwachen oder nach Anhaltspunkten und Umst\u00e4nden zu \nforschen, die die Rechtswidrigkeit von T\u00e4tigkeiten und Informationen \nindizieren.<\/p>\n\n\n\n<p>Eine Verpflichtung unsererseits zur Nutzungssperrung von Inhalten im \nRahmen der allgemeinen Gesetze bleibt hiervon stets unber\u00fchrt. Diese \nHaftung kommt jedoch erst im Moment der Kenntnisnahme einer konkreten \nVerletzung von Rechten in Frage. Sollten uns Rechtsverletzungen bekannt \nwerden, so sind die entsprechenden Inhalte von uns unverz\u00fcglich zu \nentfernen.<\/p>\n\n\n\n<p>Unsere Haftung f\u00fcr eigene Inhalte richtet sich, als Dienstanbieter, nach den allgemeinen Gesetzen.<\/p>\n\n\n\n<p><strong>Haftung f\u00fcr Links<\/strong><\/p>\n\n\n\n<p>Diese Webseite beinhaltet Verlinkungen zu Webseiten Dritter \u2013 sog. \nexterne Links. Die Inhalte dieser externen Links entziehen sich unserer \nEinflussnahme, sodass eine Gew\u00e4hr f\u00fcr solche Inhalte unsererseits nicht \n\u00fcbernommen wird.<\/p>\n\n\n\n<p>Die Verantwortung liegt stets beim jeweiligen Betreiber der externen \nSeiten. Zum Zeitpunkt der Verkn\u00fcpfung der externen Links waren keine \nRechtsverst\u00f6\u00dfe ersichtlich. Die permanente \u00dcberwachung fremder Inhalte \nauf Rechtsverst\u00f6\u00dfe ohne konkrete Hinweise ist uns nicht zumutbar.<\/p>\n\n\n\n<p>Sollten wir Kenntnis von Rechtsverletzungen erlangen, werden wir die entsprechenden externen Links unverz\u00fcglich entfernen.<\/p>\n\n\n\n<p><strong>Urheberrecht\/Leistungsschutzrecht<\/strong><\/p>\n\n\n\n<p>Auf die vom Anbieter auf dieser Seite ver\u00f6ffentlichten Inhalte findet\n das deutsche Urheber und Leistungsschutzrecht Anwendung. Sofern die \nVervielf\u00e4ltigung, Bearbeitung, Verbreitung oder jegliche andere Art der \nVerwertung au\u00dferhalb des deutschen Urheber- und Leistungsschutzrechts \nliegt, bedarf es einer schriftlichen Zustimmung des jeweiligen \nErstellers. Unerlaubtes Kopieren oder Downloaden dieser Seiten ist \nausschlie\u00dflich f\u00fcr den privaten Bereich, nicht jedoch f\u00fcr den \nkommerziellen, erlaubt. Sofern nicht wir als Betreiber auch als \nErsteller der Inhalte fungieren, werden die Urheberrechte von Dritten \nbeachtet. Wir sind stets bem\u00fcht solche Inhalte als Inhalte Dritter zu \nkennzeichnen. Wir bitten Sie f\u00fcr den Fall, dass Ihnen trotz sorgf\u00e4ltiger\n Arbeit unsererseits, eine Urheberrechtsverletzung auff\u00e4llt, uns \nentsprechend darauf hinzuweisen, sodass die Entfernung dieser Inhalte \numgehend veranlasst werden kann.<\/p>\n","protected":false},"excerpt":{"rendered":"<p>Impressum nach \u00a75 TMG Sitz des Vereins: Gesellschaft f\u00fcr Live-Rollenspiel e.V. c\/o Sonja Catterfeld Sch\u00f6ntaler Str. 14 58300 Wetter a.d. Ruhr Vertretung des Vereins: Gesellschaft f\u00fcr Live-Rollenspiel e.V. c\/o Max Dittewig Am Wingertsberg 1 55234 Nack Tel: +49 673 6299 info@gflr.de Vereinsregister Nr. 2721 Amtsgericht Hagen In Alleinvertretungsbefugnis vertreten durch: Kim Anna Scholz (1. Vorstand) [&hellip;]<\/p>\n","protected":false},"author":1,"featured_media":0,"parent":0,"menu_order":0,"comment_status":"closed","ping_status":"closed","template":"","meta":[],"_links":{"self":[{"href":"https:\/\/larpcom.gflr.de\/index.php?rest_route=\/wp\/v2\/pages\/21"}],"collection":[{"href":"https:\/\/larpcom.gflr.de\/index.php?rest_route=\/wp\/v2\/pages"}],"about":[{"href":"https:\/\/larpcom.gflr.de\/index.php?rest_route=\/wp\/v2\/types\/page"}],"author":[{"embeddable":true,"href":"https:\/\/larpcom.gflr.de\/index.php?rest_route=\/wp\/v2\/users\/1"}],"replies":[{"embeddable":true,"href":"https:\/\/larpcom.gflr.de\/index.php?rest_route=%2Fwp%2Fv2%2Fcomments&post=21"}],"version-history":[{"count":2,"href":"https:\/\/larpcom.gflr.de\/index.php?rest_route=\/wp\/v2\/pages\/21\/revisions"}],"predecessor-version":[{"id":169,"href":"https:\/\/larpcom.gflr.de\/index.php?rest_route=\/wp\/v2\/pages\/21\/revisions\/169"}],"wp:attachment":[{"href":"https:\/\/larpcom.gflr.de\/index.php?rest_route=%2Fwp%2Fv2%2Fmedia&parent=21"}],"curies":[{"name":"wp","href":"https:\/\/api.w.org\/{rel}","templated":true}]}}